{"id":10382,"date":"2026-02-23T10:36:04","date_gmt":"2026-02-23T10:36:04","guid":{"rendered":"https:\/\/new.betterbusiness.be\/cgv\/"},"modified":"2026-02-23T14:15:42","modified_gmt":"2026-02-23T14:15:42","slug":"tcs","status":"publish","type":"page","link":"https:\/\/betterbusiness.be\/en\/tcs\/","title":{"rendered":"Terms and conditions of sale"},"content":{"rendered":"\t\t<div data-elementor-type=\"wp-page\" data-elementor-id=\"10382\" class=\"elementor elementor-10382 elementor-10159\" data-elementor-post-type=\"page\">\n\t\t\t\t<div class=\"elementor-element elementor-element-d6ffe9b e-con-full e-flex e-con e-parent\" data-id=\"d6ffe9b\" data-element_type=\"container\" data-e-type=\"container\" data-settings=\"{&quot;background_background&quot;:&quot;classic&quot;}\">\n\t\t<div class=\"elementor-element elementor-element-f8feed0 e-con-full e-flex e-con e-child\" data-id=\"f8feed0\" data-element_type=\"container\" data-e-type=\"container\">\n\t\t\t\t<div class=\"elementor-element elementor-element-6203e0a elementor-widget__width-inherit elementor-widget-tablet__width-inherit elementor-widget elementor-widget-heading\" data-id=\"6203e0a\" data-element_type=\"widget\" data-e-type=\"widget\" data-widget_type=\"heading.default\">\n\t\t\t\t\t<h2 class=\"elementor-heading-title elementor-size-default\">Terms and conditions of sale<\/h2>\t\t\t\t<\/div>\n\t\t\t\t<\/div>\n\t\t<div class=\"elementor-element elementor-element-441efa9 e-con-full elementor-hidden-mobile e-flex e-con e-child\" data-id=\"441efa9\" data-element_type=\"container\" data-e-type=\"container\">\n\t\t\t\t<\/div>\n\t\t\t\t<\/div>\n\t\t<div class=\"elementor-element elementor-element-1845559 e-con-full e-flex e-con e-parent\" data-id=\"1845559\" data-element_type=\"container\" data-e-type=\"container\">\n\t\t<div class=\"elementor-element elementor-element-37bdf34 e-con-full e-flex e-con e-child\" data-id=\"37bdf34\" data-element_type=\"container\" data-e-type=\"container\">\n\t\t\t\t<div class=\"elementor-element elementor-element-d6437e8 elementor-widget elementor-widget-heading\" data-id=\"d6437e8\" data-element_type=\"widget\" data-e-type=\"widget\" data-widget_type=\"heading.default\">\n\t\t\t\t\t<h2 class=\"elementor-heading-title elementor-size-default\">Version 2026 of our terms and conditions<\/h2>\t\t\t\t<\/div>\n\t\t\t\t<div class=\"elementor-element elementor-element-45ff0a8 elementor-widget-mobile__width-inherit elementor-widget__width-inherit elementor-widget elementor-widget-text-editor\" data-id=\"45ff0a8\" data-element_type=\"widget\" data-e-type=\"widget\" data-widget_type=\"text-editor.default\">\n\t\t\t\t\t\t\t\t\t<div class=\"elementor-element elementor-element-24d92cd elementor-widget__width-inherit elementor-widget elementor-widget-text-editor\" data-id=\"24d92cd\" data-element_type=\"widget\" data-widget_type=\"text-editor.default\"><p class=\"p1\">xxx<\/p><\/div>\t\t\t\t\t\t\t\t<\/div>\n\t\t\t\t<\/div>\n\t\t\t\t<\/div>\n\t\t\t\t<\/div>\n\t\t","protected":false},"excerpt":{"rendered":"<p>Version 2026 of our terms and conditions xxx<\/p>\n","protected":false},"author":1,"featured_media":0,"parent":0,"menu_order":0,"comment_status":"closed","ping_status":"closed","template":"","meta":{"_acf_changed":false,"footnotes":""},"class_list":["post-10382","page","type-page","status-publish","hentry"],"acf":[],"yoast_head":"<!-- This site is optimized with the Yoast SEO plugin v27.2 - https:\/\/yoast.com\/product\/yoast-seo-wordpress\/ -->\n<title>Terms and conditions of sale - BetterBusiness \u2014 Sustainability at the heart of your strategy<\/title>\n<meta name=\"robots\" content=\"noindex, follow\" \/>\n<meta property=\"og:locale\" content=\"en_US\" \/>\n<meta property=\"og:type\" content=\"article\" \/>\n<meta property=\"og:title\" content=\"Terms and conditions of sale - BetterBusiness \u2014 Sustainability at the heart of your strategy\" \/>\n<meta property=\"og:description\" content=\"Version 2026 of our terms and conditions xxx\" \/>\n<meta property=\"og:url\" content=\"https:\/\/betterbusiness.be\/en\/tcs\/\" \/>\n<meta property=\"og:site_name\" content=\"BetterBusiness \u2014 Sustainability at the heart of your strategy\" \/>\n<meta property=\"article:modified_time\" content=\"2026-02-23T14:15:42+00:00\" \/>\n<meta name=\"twitter:card\" content=\"summary_large_image\" \/>\n<meta name=\"twitter:label1\" content=\"Est. reading time\" \/>\n\t<meta name=\"twitter:data1\" content=\"1 minute\" \/>\n<script type=\"application\/ld+json\" class=\"yoast-schema-graph\">{\"@context\":\"https:\/\/schema.org\",\"@graph\":[{\"@type\":\"WebPage\",\"@id\":\"https:\/\/betterbusiness.be\/en\/tcs\/\",\"url\":\"https:\/\/betterbusiness.be\/en\/tcs\/\",\"name\":\"Terms and conditions of sale - BetterBusiness \u2014 Sustainability at the heart of your strategy\",\"isPartOf\":{\"@id\":\"https:\/\/betterbusiness.be\/en\/#website\"},\"datePublished\":\"2026-02-23T10:36:04+00:00\",\"dateModified\":\"2026-02-23T14:15:42+00:00\",\"breadcrumb\":{\"@id\":\"https:\/\/betterbusiness.be\/en\/tcs\/#breadcrumb\"},\"inLanguage\":\"en-US\",\"potentialAction\":[{\"@type\":\"ReadAction\",\"target\":[\"https:\/\/betterbusiness.be\/en\/tcs\/\"]}]},{\"@type\":\"BreadcrumbList\",\"@id\":\"https:\/\/betterbusiness.be\/en\/tcs\/#breadcrumb\",\"itemListElement\":[{\"@type\":\"ListItem\",\"position\":1,\"name\":\"Accueil\",\"item\":\"https:\/\/betterbusiness.be\/en\/\"},{\"@type\":\"ListItem\",\"position\":2,\"name\":\"Terms and conditions of sale\"}]},{\"@type\":\"WebSite\",\"@id\":\"https:\/\/betterbusiness.be\/en\/#website\",\"url\":\"https:\/\/betterbusiness.be\/en\/\",\"name\":\"BetterBusiness \u2014 La durabilit\u00e9 au c\u0153ur de votre strat\u00e9gie\",\"description\":\"La durabilit\u00e9 au c\u0153ur de votre strat\u00e9gie\",\"publisher\":{\"@id\":\"https:\/\/betterbusiness.be\/en\/#organization\"},\"potentialAction\":[{\"@type\":\"SearchAction\",\"target\":{\"@type\":\"EntryPoint\",\"urlTemplate\":\"https:\/\/betterbusiness.be\/en\/?s={search_term_string}\"},\"query-input\":{\"@type\":\"PropertyValueSpecification\",\"valueRequired\":true,\"valueName\":\"search_term_string\"}}],\"inLanguage\":\"en-US\"},{\"@type\":\"Organization\",\"@id\":\"https:\/\/betterbusiness.be\/en\/#organization\",\"name\":\"BetterBusiness\",\"url\":\"https:\/\/betterbusiness.be\/en\/\",\"logo\":{\"@type\":\"ImageObject\",\"inLanguage\":\"en-US\",\"@id\":\"https:\/\/betterbusiness.be\/en\/#\/schema\/logo\/image\/\",\"url\":\"https:\/\/new.betterbusiness.be\/wp-content\/uploads\/2021\/06\/logo_betterbusiness_retina.png\",\"contentUrl\":\"https:\/\/new.betterbusiness.be\/wp-content\/uploads\/2021\/06\/logo_betterbusiness_retina.png\",\"width\":1500,\"height\":543,\"caption\":\"BetterBusiness\"},\"image\":{\"@id\":\"https:\/\/betterbusiness.be\/en\/#\/schema\/logo\/image\/\"},\"sameAs\":[\"https:\/\/www.linkedin.com\/company\/betterbusineswithbcorp\",\"http:\/\/instagram.com\/betterbusiness.be\/\"]}]}<\/script>\n<!-- \/ Yoast SEO plugin. -->","yoast_head_json":{"title":"Terms and conditions of sale - BetterBusiness \u2014 Sustainability at the heart of your strategy","robots":{"index":"noindex","follow":"follow"},"og_locale":"en_US","og_type":"article","og_title":"Terms and conditions of sale - BetterBusiness \u2014 Sustainability at the heart of your strategy","og_description":"Version 2026 of our terms and conditions xxx","og_url":"https:\/\/betterbusiness.be\/en\/tcs\/","og_site_name":"BetterBusiness \u2014 Sustainability at the heart of your strategy","article_modified_time":"2026-02-23T14:15:42+00:00","twitter_card":"summary_large_image","twitter_misc":{"Est. reading time":"1 minute"},"schema":{"@context":"https:\/\/schema.org","@graph":[{"@type":"WebPage","@id":"https:\/\/betterbusiness.be\/en\/tcs\/","url":"https:\/\/betterbusiness.be\/en\/tcs\/","name":"Terms and conditions of sale - BetterBusiness \u2014 Sustainability at the heart of your strategy","isPartOf":{"@id":"https:\/\/betterbusiness.be\/en\/#website"},"datePublished":"2026-02-23T10:36:04+00:00","dateModified":"2026-02-23T14:15:42+00:00","breadcrumb":{"@id":"https:\/\/betterbusiness.be\/en\/tcs\/#breadcrumb"},"inLanguage":"en-US","potentialAction":[{"@type":"ReadAction","target":["https:\/\/betterbusiness.be\/en\/tcs\/"]}]},{"@type":"BreadcrumbList","@id":"https:\/\/betterbusiness.be\/en\/tcs\/#breadcrumb","itemListElement":[{"@type":"ListItem","position":1,"name":"Accueil","item":"https:\/\/betterbusiness.be\/en\/"},{"@type":"ListItem","position":2,"name":"Terms and conditions of sale"}]},{"@type":"WebSite","@id":"https:\/\/betterbusiness.be\/en\/#website","url":"https:\/\/betterbusiness.be\/en\/","name":"BetterBusiness \u2014 La durabilit\u00e9 au c\u0153ur de votre strat\u00e9gie","description":"La durabilit\u00e9 au c\u0153ur de votre strat\u00e9gie","publisher":{"@id":"https:\/\/betterbusiness.be\/en\/#organization"},"potentialAction":[{"@type":"SearchAction","target":{"@type":"EntryPoint","urlTemplate":"https:\/\/betterbusiness.be\/en\/?s={search_term_string}"},"query-input":{"@type":"PropertyValueSpecification","valueRequired":true,"valueName":"search_term_string"}}],"inLanguage":"en-US"},{"@type":"Organization","@id":"https:\/\/betterbusiness.be\/en\/#organization","name":"BetterBusiness","url":"https:\/\/betterbusiness.be\/en\/","logo":{"@type":"ImageObject","inLanguage":"en-US","@id":"https:\/\/betterbusiness.be\/en\/#\/schema\/logo\/image\/","url":"https:\/\/new.betterbusiness.be\/wp-content\/uploads\/2021\/06\/logo_betterbusiness_retina.png","contentUrl":"https:\/\/new.betterbusiness.be\/wp-content\/uploads\/2021\/06\/logo_betterbusiness_retina.png","width":1500,"height":543,"caption":"BetterBusiness"},"image":{"@id":"https:\/\/betterbusiness.be\/en\/#\/schema\/logo\/image\/"},"sameAs":["https:\/\/www.linkedin.com\/company\/betterbusineswithbcorp","http:\/\/instagram.com\/betterbusiness.be\/"]}]}},"_links":{"self":[{"href":"https:\/\/betterbusiness.be\/en\/wp-json\/wp\/v2\/pages\/10382","targetHints":{"allow":["GET"]}}],"collection":[{"href":"https:\/\/betterbusiness.be\/en\/wp-json\/wp\/v2\/pages"}],"about":[{"href":"https:\/\/betterbusiness.be\/en\/wp-json\/wp\/v2\/types\/page"}],"author":[{"embeddable":true,"href":"https:\/\/betterbusiness.be\/en\/wp-json\/wp\/v2\/users\/1"}],"replies":[{"embeddable":true,"href":"https:\/\/betterbusiness.be\/en\/wp-json\/wp\/v2\/comments?post=10382"}],"version-history":[{"count":5,"href":"https:\/\/betterbusiness.be\/en\/wp-json\/wp\/v2\/pages\/10382\/revisions"}],"predecessor-version":[{"id":10387,"href":"https:\/\/betterbusiness.be\/en\/wp-json\/wp\/v2\/pages\/10382\/revisions\/10387"}],"wp:attachment":[{"href":"https:\/\/betterbusiness.be\/en\/wp-json\/wp\/v2\/media?parent=10382"}],"curies":[{"name":"wp","href":"https:\/\/api.w.org\/{rel}","templated":true}]}}