{"id":10388,"date":"2026-02-23T10:36:20","date_gmt":"2026-02-23T10:36:20","guid":{"rendered":"https:\/\/new.betterbusiness.be\/mentions-legales\/"},"modified":"2026-02-24T07:28:29","modified_gmt":"2026-02-24T07:28:29","slug":"legal-notices","status":"publish","type":"page","link":"https:\/\/betterbusiness.be\/en\/legal-notices\/","title":{"rendered":"Legal notices"},"content":{"rendered":"\t\t<div data-elementor-type=\"wp-page\" data-elementor-id=\"10388\" class=\"elementor elementor-10388 elementor-10161\" data-elementor-post-type=\"page\">\n\t\t\t\t<div class=\"elementor-element elementor-element-d6ffe9b e-con-full e-flex e-con e-parent\" data-id=\"d6ffe9b\" data-element_type=\"container\" data-e-type=\"container\" data-settings=\"{&quot;background_background&quot;:&quot;classic&quot;}\">\n\t\t<div class=\"elementor-element elementor-element-f8feed0 e-con-full e-flex e-con e-child\" data-id=\"f8feed0\" data-element_type=\"container\" data-e-type=\"container\">\n\t\t\t\t<div class=\"elementor-element elementor-element-6203e0a elementor-widget__width-inherit elementor-widget-tablet__width-inherit elementor-widget elementor-widget-heading\" data-id=\"6203e0a\" data-element_type=\"widget\" data-e-type=\"widget\" data-widget_type=\"heading.default\">\n\t\t\t\t\t<h2 class=\"elementor-heading-title elementor-size-default\">Legal notices<\/h2>\t\t\t\t<\/div>\n\t\t\t\t<div class=\"elementor-element elementor-element-c7ed019 elementor-widget__width-inherit elementor-widget-tablet__width-inherit elementor-widget elementor-widget-heading\" data-id=\"c7ed019\" data-element_type=\"widget\" data-e-type=\"widget\" data-widget_type=\"heading.default\">\n\t\t\t\t\t<h2 class=\"elementor-heading-title elementor-size-default\">Transparency all the way<\/h2>\t\t\t\t<\/div>\n\t\t\t\t<\/div>\n\t\t<div class=\"elementor-element elementor-element-441efa9 e-con-full elementor-hidden-mobile e-flex e-con e-child\" data-id=\"441efa9\" data-element_type=\"container\" data-e-type=\"container\">\n\t\t\t\t<\/div>\n\t\t\t\t<\/div>\n\t\t<div class=\"elementor-element elementor-element-1845559 e-con-full e-flex e-con e-parent\" data-id=\"1845559\" data-element_type=\"container\" data-e-type=\"container\">\n\t\t<div class=\"elementor-element elementor-element-37bdf34 e-con-full e-flex e-con e-child\" data-id=\"37bdf34\" data-element_type=\"container\" data-e-type=\"container\">\n\t\t\t\t<div class=\"elementor-element elementor-element-d6437e8 elementor-widget elementor-widget-heading\" data-id=\"d6437e8\" data-element_type=\"widget\" data-e-type=\"widget\" data-widget_type=\"heading.default\">\n\t\t\t\t\t<h2 class=\"elementor-heading-title elementor-size-default\">Website owner<\/h2>\t\t\t\t<\/div>\n\t\t\t\t<div class=\"elementor-element elementor-element-45ff0a8 elementor-widget-mobile__width-inherit elementor-widget__width-inherit elementor-widget elementor-widget-text-editor\" data-id=\"45ff0a8\" data-element_type=\"widget\" data-e-type=\"widget\" data-widget_type=\"text-editor.default\">\n\t\t\t\t\t\t\t\t\t<div class=\"elementor-element elementor-element-24d92cd elementor-widget__width-inherit elementor-widget elementor-widget-text-editor\" data-id=\"24d92cd\" data-element_type=\"widget\" data-widget_type=\"text-editor.default\"><p>BetterBusiness SRL<br \/>Rue des Tanneurs 58<br \/>1000 Brussels<br \/>Belgium<\/p><p>+32 486 10 24 40\u202c<br \/>info@betterbusiness.be<br \/>Company number BE 0788 900 703<\/p><p>BetterBusiness undertakes to comply with the legislation in force in Belgium and Europe and makes every effort to prevent any unauthorised or unlawful use of your personal data. To this end, we use appropriate procedures and systems to ensure that only authorised persons can access your information. Furthermore, we remind you that these persons are bound by a duty of confidentiality in the context of their duties.<\/p><\/div>\t\t\t\t\t\t\t\t<\/div>\n\t\t\t\t<\/div>\n\t\t<div class=\"elementor-element elementor-element-ae782fe e-con-full e-flex e-con e-child\" data-id=\"ae782fe\" data-element_type=\"container\" data-e-type=\"container\">\n\t\t\t\t<div class=\"elementor-element elementor-element-4716fd9 elementor-widget elementor-widget-heading\" data-id=\"4716fd9\" data-element_type=\"widget\" data-e-type=\"widget\" data-widget_type=\"heading.default\">\n\t\t\t\t\t<h2 class=\"elementor-heading-title elementor-size-default\">Website hosting<\/h2>\t\t\t\t<\/div>\n\t\t\t\t<div class=\"elementor-element elementor-element-51ea915 elementor-widget-mobile__width-inherit elementor-widget__width-inherit elementor-widget elementor-widget-text-editor\" data-id=\"51ea915\" data-element_type=\"widget\" data-e-type=\"widget\" data-widget_type=\"text-editor.default\">\n\t\t\t\t\t\t\t\t\t<div class=\"elementor-element elementor-element-24d92cd elementor-widget__width-inherit elementor-widget elementor-widget-text-editor\" data-id=\"24d92cd\" data-element_type=\"widget\" data-widget_type=\"text-editor.default\"><p>The website is hosted by Infomaniak.<\/p><p>Company headquarters<br \/>Les Acacias, Geneva, Switzerland<br \/>Geneva Canton Trade Register<\/p><p>CH-660.0.059.996-1<br \/>IDE\/VAT number<br \/>CHE-103.167.648<\/p><p>Infomaniak&#8217;s sustainability policy<\/p><p>\u00a0<\/p><\/div>\t\t\t\t\t\t\t\t<\/div>\n\t\t\t\t<\/div>\n\t\t<div class=\"elementor-element elementor-element-bfcdc79 e-con-full e-flex e-con e-child\" data-id=\"bfcdc79\" data-element_type=\"container\" data-e-type=\"container\">\n\t\t\t\t<div class=\"elementor-element elementor-element-f9a6b97 elementor-widget elementor-widget-heading\" data-id=\"f9a6b97\" data-element_type=\"widget\" data-e-type=\"widget\" data-widget_type=\"heading.default\">\n\t\t\t\t\t<h2 class=\"elementor-heading-title elementor-size-default\">Disclaimer<\/h2>\t\t\t\t<\/div>\n\t\t\t\t<div class=\"elementor-element elementor-element-81a9cc9 elementor-widget-mobile__width-inherit elementor-widget__width-inherit elementor-widget elementor-widget-text-editor\" data-id=\"81a9cc9\" data-element_type=\"widget\" data-e-type=\"widget\" data-widget_type=\"text-editor.default\">\n\t\t\t\t\t\t\t\t\t<div class=\"elementor-element elementor-element-24d92cd elementor-widget__width-inherit elementor-widget elementor-widget-text-editor\" data-id=\"24d92cd\" data-element_type=\"widget\" data-widget_type=\"text-editor.default\"><div class=\"elementor-element elementor-element-24d92cd elementor-widget__width-inherit elementor-widget elementor-widget-text-editor\" data-id=\"24d92cd\" data-element_type=\"widget\" data-widget_type=\"text-editor.default\"><p class=\"p1\">\n<!-- Legal document generated by Complianz | GDPR\/CCPA Cookie Consent https:\/\/wordpress.org\/plugins\/complianz-gdpr -->\n<div id=\"cmplz-document\" class=\"cmplz-document disclaimer cmplz-document-all\"><p>BetterBusiness is committed to keeping this website up to date and accurate. Should you nevertheless encounter anything that is incorrect or out of date, we would appreciate it if you could let us know. Please indicate where on the website you read the information. We will then look at this as soon as possible. Please send your response by email to: <span class=\"cmplz-obfuscate\">i&#110;&#102;o@<span class=\"cmplz-fmail-domain\">&#101;x&#046;com<\/span>b&#101;&#116;t&#101;r&#098;us&#105;n&#101;s&#115;&#046;b&#101;<\/span>.<\/p><p>We are not liable for loss as a result of inaccuracies or incompleteness, nor for loss resulting from problems caused by or inherent to the dissemination of information through the internet, such as disruptions or interruptions. When using web forms, we strive to limit the number of required fields to a minimum. For any loss suffered as a result of the use of data, advice or ideas provided by or on behalf of BetterBusiness via this website, BetterBusiness accepts no liability.<\/p><p>Responses and privacy inquiries submitted by email or using a web form will be treated in the same way as letters. This means that you can expect a response from us within a period of 1 month at the latest. In the case of complex requests, we will let you know within 1 month if we need a maximum of 3 months.<\/p><p>Any personal data you provide us with in the context of your response or request for information will only be used in accordance with our privacy statement.<\/p><p>BetterBusiness shall make every reasonable effort to protect its systems against any form of unlawful use. BetterBusiness shall implement appropriate technical and organizational measures to this end, taking into account, among other things, the state of the art. However, it shall not be liable for any loss whatsoever, direct and\/or indirect, suffered by a user of the website, which arises as a result of the unlawful use of its systems by a third party.<\/p><p>BetterBusiness accepts no responsibility for the content of websites to which or from which a hyperlink or other reference is made. Products or services offered by third parties shall be subject to the applicable terms and conditions of those third parties.<\/p><p>All intellectual property rights to content on this website are vested in BetterBusiness.<\/p><p>Copying, disseminating and any other use of these materials is not permitted without the written permission of BetterBusiness, except and only insofar as otherwise stipulated in regulations of mandatory law (such as the right to quote), unless specific content dictates otherwise.<\/p><p>If you have any questions or problems with the accessibility of the website, please do not hesitate to contact us.<\/p><\/div><\/p><\/div><\/div>\t\t\t\t\t\t\t\t<\/div>\n\t\t\t\t<\/div>\n\t\t\t\t<\/div>\n\t\t\t\t<\/div>\n\t\t","protected":false},"excerpt":{"rendered":"<p>Transparency all the way Website owner BetterBusiness SRLRue des Tanneurs 581000 BrusselsBelgium +32 486 10 24 40\u202cinfo@betterbusiness.beCompany number BE 0788 900 703 BetterBusiness undertakes to comply with the legislation in force in Belgium and Europe and makes every effort to prevent any unauthorised or unlawful use of your personal data. To this end, we use [&hellip;]<\/p>\n","protected":false},"author":1,"featured_media":0,"parent":0,"menu_order":0,"comment_status":"closed","ping_status":"closed","template":"","meta":{"_acf_changed":false,"footnotes":""},"class_list":["post-10388","page","type-page","status-publish","hentry"],"acf":[],"yoast_head":"<!-- This site is optimized with the Yoast SEO plugin v27.2 - https:\/\/yoast.com\/product\/yoast-seo-wordpress\/ -->\n<title>Legal notices - BetterBusiness \u2014 Sustainability at the heart of your strategy<\/title>\n<meta name=\"robots\" content=\"noindex, follow\" \/>\n<meta property=\"og:locale\" content=\"en_US\" \/>\n<meta property=\"og:type\" content=\"article\" \/>\n<meta property=\"og:title\" content=\"Legal notices - BetterBusiness \u2014 Sustainability at the heart of your strategy\" \/>\n<meta property=\"og:description\" content=\"Transparency all the way Website owner BetterBusiness SRLRue des Tanneurs 581000 BrusselsBelgium +32 486 10 24 40\u202cinfo@betterbusiness.beCompany number BE 0788 900 703 BetterBusiness undertakes to comply with the legislation in force in Belgium and Europe and makes every effort to prevent any unauthorised or unlawful use of your personal data. To this end, we use [&hellip;]\" \/>\n<meta property=\"og:url\" content=\"https:\/\/betterbusiness.be\/en\/legal-notices\/\" \/>\n<meta property=\"og:site_name\" content=\"BetterBusiness \u2014 Sustainability at the heart of your strategy\" \/>\n<meta property=\"article:modified_time\" content=\"2026-02-24T07:28:29+00:00\" \/>\n<meta name=\"twitter:card\" content=\"summary_large_image\" \/>\n<meta name=\"twitter:label1\" content=\"Est. reading time\" \/>\n\t<meta name=\"twitter:data1\" content=\"7 minutes\" \/>\n<script type=\"application\/ld+json\" class=\"yoast-schema-graph\">{\"@context\":\"https:\/\/schema.org\",\"@graph\":[{\"@type\":\"WebPage\",\"@id\":\"https:\/\/betterbusiness.be\/en\/legal-notices\/\",\"url\":\"https:\/\/betterbusiness.be\/en\/legal-notices\/\",\"name\":\"Legal notices - BetterBusiness \u2014 Sustainability at the heart of your strategy\",\"isPartOf\":{\"@id\":\"https:\/\/betterbusiness.be\/en\/#website\"},\"datePublished\":\"2026-02-23T10:36:20+00:00\",\"dateModified\":\"2026-02-24T07:28:29+00:00\",\"breadcrumb\":{\"@id\":\"https:\/\/betterbusiness.be\/en\/legal-notices\/#breadcrumb\"},\"inLanguage\":\"en-US\",\"potentialAction\":[{\"@type\":\"ReadAction\",\"target\":[\"https:\/\/betterbusiness.be\/en\/legal-notices\/\"]}]},{\"@type\":\"BreadcrumbList\",\"@id\":\"https:\/\/betterbusiness.be\/en\/legal-notices\/#breadcrumb\",\"itemListElement\":[{\"@type\":\"ListItem\",\"position\":1,\"name\":\"Accueil\",\"item\":\"https:\/\/betterbusiness.be\/en\/\"},{\"@type\":\"ListItem\",\"position\":2,\"name\":\"Legal notices\"}]},{\"@type\":\"WebSite\",\"@id\":\"https:\/\/betterbusiness.be\/en\/#website\",\"url\":\"https:\/\/betterbusiness.be\/en\/\",\"name\":\"BetterBusiness \u2014 La durabilit\u00e9 au c\u0153ur de votre strat\u00e9gie\",\"description\":\"La durabilit\u00e9 au c\u0153ur de votre strat\u00e9gie\",\"publisher\":{\"@id\":\"https:\/\/betterbusiness.be\/en\/#organization\"},\"potentialAction\":[{\"@type\":\"SearchAction\",\"target\":{\"@type\":\"EntryPoint\",\"urlTemplate\":\"https:\/\/betterbusiness.be\/en\/?s={search_term_string}\"},\"query-input\":{\"@type\":\"PropertyValueSpecification\",\"valueRequired\":true,\"valueName\":\"search_term_string\"}}],\"inLanguage\":\"en-US\"},{\"@type\":\"Organization\",\"@id\":\"https:\/\/betterbusiness.be\/en\/#organization\",\"name\":\"BetterBusiness\",\"url\":\"https:\/\/betterbusiness.be\/en\/\",\"logo\":{\"@type\":\"ImageObject\",\"inLanguage\":\"en-US\",\"@id\":\"https:\/\/betterbusiness.be\/en\/#\/schema\/logo\/image\/\",\"url\":\"https:\/\/new.betterbusiness.be\/wp-content\/uploads\/2021\/06\/logo_betterbusiness_retina.png\",\"contentUrl\":\"https:\/\/new.betterbusiness.be\/wp-content\/uploads\/2021\/06\/logo_betterbusiness_retina.png\",\"width\":1500,\"height\":543,\"caption\":\"BetterBusiness\"},\"image\":{\"@id\":\"https:\/\/betterbusiness.be\/en\/#\/schema\/logo\/image\/\"},\"sameAs\":[\"https:\/\/www.linkedin.com\/company\/betterbusineswithbcorp\",\"http:\/\/instagram.com\/betterbusiness.be\/\"]}]}<\/script>\n<!-- \/ Yoast SEO plugin. -->","yoast_head_json":{"title":"Legal notices - BetterBusiness \u2014 Sustainability at the heart of your strategy","robots":{"index":"noindex","follow":"follow"},"og_locale":"en_US","og_type":"article","og_title":"Legal notices - BetterBusiness \u2014 Sustainability at the heart of your strategy","og_description":"Transparency all the way Website owner BetterBusiness SRLRue des Tanneurs 581000 BrusselsBelgium +32 486 10 24 40\u202cinfo@betterbusiness.beCompany number BE 0788 900 703 BetterBusiness undertakes to comply with the legislation in force in Belgium and Europe and makes every effort to prevent any unauthorised or unlawful use of your personal data. To this end, we use [&hellip;]","og_url":"https:\/\/betterbusiness.be\/en\/legal-notices\/","og_site_name":"BetterBusiness \u2014 Sustainability at the heart of your strategy","article_modified_time":"2026-02-24T07:28:29+00:00","twitter_card":"summary_large_image","twitter_misc":{"Est. reading time":"7 minutes"},"schema":{"@context":"https:\/\/schema.org","@graph":[{"@type":"WebPage","@id":"https:\/\/betterbusiness.be\/en\/legal-notices\/","url":"https:\/\/betterbusiness.be\/en\/legal-notices\/","name":"Legal notices - BetterBusiness \u2014 Sustainability at the heart of your strategy","isPartOf":{"@id":"https:\/\/betterbusiness.be\/en\/#website"},"datePublished":"2026-02-23T10:36:20+00:00","dateModified":"2026-02-24T07:28:29+00:00","breadcrumb":{"@id":"https:\/\/betterbusiness.be\/en\/legal-notices\/#breadcrumb"},"inLanguage":"en-US","potentialAction":[{"@type":"ReadAction","target":["https:\/\/betterbusiness.be\/en\/legal-notices\/"]}]},{"@type":"BreadcrumbList","@id":"https:\/\/betterbusiness.be\/en\/legal-notices\/#breadcrumb","itemListElement":[{"@type":"ListItem","position":1,"name":"Accueil","item":"https:\/\/betterbusiness.be\/en\/"},{"@type":"ListItem","position":2,"name":"Legal notices"}]},{"@type":"WebSite","@id":"https:\/\/betterbusiness.be\/en\/#website","url":"https:\/\/betterbusiness.be\/en\/","name":"BetterBusiness \u2014 La durabilit\u00e9 au c\u0153ur de votre strat\u00e9gie","description":"La durabilit\u00e9 au c\u0153ur de votre strat\u00e9gie","publisher":{"@id":"https:\/\/betterbusiness.be\/en\/#organization"},"potentialAction":[{"@type":"SearchAction","target":{"@type":"EntryPoint","urlTemplate":"https:\/\/betterbusiness.be\/en\/?s={search_term_string}"},"query-input":{"@type":"PropertyValueSpecification","valueRequired":true,"valueName":"search_term_string"}}],"inLanguage":"en-US"},{"@type":"Organization","@id":"https:\/\/betterbusiness.be\/en\/#organization","name":"BetterBusiness","url":"https:\/\/betterbusiness.be\/en\/","logo":{"@type":"ImageObject","inLanguage":"en-US","@id":"https:\/\/betterbusiness.be\/en\/#\/schema\/logo\/image\/","url":"https:\/\/new.betterbusiness.be\/wp-content\/uploads\/2021\/06\/logo_betterbusiness_retina.png","contentUrl":"https:\/\/new.betterbusiness.be\/wp-content\/uploads\/2021\/06\/logo_betterbusiness_retina.png","width":1500,"height":543,"caption":"BetterBusiness"},"image":{"@id":"https:\/\/betterbusiness.be\/en\/#\/schema\/logo\/image\/"},"sameAs":["https:\/\/www.linkedin.com\/company\/betterbusineswithbcorp","http:\/\/instagram.com\/betterbusiness.be\/"]}]}},"_links":{"self":[{"href":"https:\/\/betterbusiness.be\/en\/wp-json\/wp\/v2\/pages\/10388","targetHints":{"allow":["GET"]}}],"collection":[{"href":"https:\/\/betterbusiness.be\/en\/wp-json\/wp\/v2\/pages"}],"about":[{"href":"https:\/\/betterbusiness.be\/en\/wp-json\/wp\/v2\/types\/page"}],"author":[{"embeddable":true,"href":"https:\/\/betterbusiness.be\/en\/wp-json\/wp\/v2\/users\/1"}],"replies":[{"embeddable":true,"href":"https:\/\/betterbusiness.be\/en\/wp-json\/wp\/v2\/comments?post=10388"}],"version-history":[{"count":8,"href":"https:\/\/betterbusiness.be\/en\/wp-json\/wp\/v2\/pages\/10388\/revisions"}],"predecessor-version":[{"id":11003,"href":"https:\/\/betterbusiness.be\/en\/wp-json\/wp\/v2\/pages\/10388\/revisions\/11003"}],"wp:attachment":[{"href":"https:\/\/betterbusiness.be\/en\/wp-json\/wp\/v2\/media?parent=10388"}],"curies":[{"name":"wp","href":"https:\/\/api.w.org\/{rel}","templated":true}]}}